{"id":21,"date":"2023-04-27T15:30:05","date_gmt":"2023-04-27T15:30:05","guid":{"rendered":"https:\/\/demo.ozlubilisim.com\/?page_id=21"},"modified":"2023-04-27T15:30:05","modified_gmt":"2023-04-27T15:30:05","slug":"mirc-indir","status":"publish","type":"page","link":"https:\/\/demo.ozlubilisim.com\/demo4\/mirc-indir","title":{"rendered":"m\u0130RC indir"},"content":{"rendered":"\n<h1 class=\"wp-block-heading\">Muhabbet \u00dccretsiz T\u00fcrk\u00e7e Mirc \u0130ndir<\/h1>\n\n\n\n<p>Mirc chat ara\u00e7lar\u0131 aktif internet kullan\u0131c\u0131lar\u0131 i\u00e7in avantaj sunmaktad\u0131r. Hem \u00fccretsiz hem de h\u0131zl\u0131 olan bu kanallar kullan\u0131c\u0131lar\u0131n istedikleri her zaman siteye eri\u015fimini kolay hale getirmektedir. Yenilikler \u00fczerinden haz\u0131rlanan mirc sohbet odalar\u0131 i\u00e7in web masa\u00fcst\u00fcne indirme i\u015flemi yap\u0131lmaktad\u0131r.<\/p>\n\n\n\n<p>Bu nedenle kullan\u0131c\u0131lar\u0131n tamam\u0131 \u00f6zg\u00fcn site \u00f6zelliklerinden yararlanmaktad\u0131r. T\u00fcrk\u00e7e mirc programlar\u0131 i\u00e7in sitemiz en geli\u015fmi\u015f yaz\u0131l\u0131mlar\u0131 sunmaktad\u0131r.<\/p>\n\n\n\n<p>Farkl\u0131 \u00fclkelerden eri\u015fim deste\u011fi sunan web sitemiz muhabbet mirc olarak online platformlarda yer almaktad\u0131r. Mirc sohbet odalar\u0131 zaman\u0131n \u00f6tesinde haz\u0131rlanan en iyi site ara\u00e7lar\u0131 olarak g\u00f6sterilmektedir.<\/p>\n\n\n\n<p>* Muhabbet Mirc (%100) \u00dccretsizdir.<\/p>\n\n\n\n<figure class=\"wp-block-image size-full\"><img loading=\"lazy\" decoding=\"async\" width=\"501\" height=\"149\" src=\"https:\/\/demo.ozlubilisim.com\/demo4\/wp-content\/uploads\/sites\/4\/2023\/04\/mirc-button.png\" alt=\"\" class=\"wp-image-22\" srcset=\"https:\/\/demo.ozlubilisim.com\/demo4\/wp-content\/uploads\/sites\/4\/2023\/04\/mirc-button.png 501w, https:\/\/demo.ozlubilisim.com\/demo4\/wp-content\/uploads\/sites\/4\/2023\/04\/mirc-button-300x89.png 300w\" sizes=\"auto, (max-width: 501px) 100vw, 501px\" \/><\/figure>\n\n\n\n<p>Mirc chat odalar\u0131 muhabbet sitelerinin en geli\u015fmi\u015f \u00f6zelliklerinden biri olarak kabul edilmektedir. Yaz\u0131l\u0131m\u0131 g\u00fc\u00e7l\u00fc ve program altyap\u0131s\u0131 sa\u011flam olan sitemiz birbirinden farkl\u0131 avantaj sunmaktad\u0131r. Bedava mirc sitesi ile ki\u015filer diledikleri zaman sitemiz \u00fczerinden di\u011fer kullan\u0131c\u0131lar ile ileti\u015fim ba\u015flatmaktad\u0131r.<\/p>\n\n\n\n<p>Yeni nesil \u00fccretsiz T\u00fcrk\u00e7e mirc script ile %100 g\u00fcvenli bir ileti\u015fim ger\u00e7ekle\u015fmektedir. \u00d6zellikle kaliteli mirc kanallar\u0131 sayesinde kullan\u0131c\u0131lar herhangi bir indirme problemi de ya\u015famamaktad\u0131r. G\u00fcvenilir mirc script bilgisayara indirilen g\u00fcvenli, kaliteli ve keyifli uygulamalardan biri olarak bilinmektedir.<\/p>\n\n\n\n<h2 class=\"wp-block-heading\">Kaliteli Mirc Script \u0130ndirme<\/h2>\n\n\n\n<p>\u00dccretsiz sohbet sitesini bilgisayar\u0131na indirmek isteyenler i\u00e7in sitemiz mirc \u00f6zelli\u011fini sunmaktad\u0131r. \u00c7ok fazla kullan\u0131c\u0131n\u0131n g\u00fcn i\u00e7erisinde eri\u015fim sa\u011flad\u0131\u011f\u0131 bu uygulama sohbet alan\u0131nda da tercih edilmektedir. \u00dcstelik grup ve toplu sohbetler, konferanslar ile uygulama daha keyifli hale gelmeye ba\u015flamaktad\u0131r.<\/p>\n\n\n\n<p>Ba\u015fka kullan\u0131c\u0131lar ile konu\u015fmak isteyen ki\u015filer ilk olarak mirc script indirmektedir. Bu indirme i\u015flemi \u00f6ncelikle bilgisayar \u00fczerine yap\u0131lmaktad\u0131r. Ayn\u0131 zamanda indirme i\u015fleminin tamamlanmas\u0131n\u0131n ard\u0131ndan site kullan\u0131ma haz\u0131r hale gelmektedir. Ba\u015fka bir deyi\u015fle sohbet alan\u0131nda i\u015flem ger\u00e7ekle\u015fmektedir.<\/p>\n\n\n\n<h2 class=\"wp-block-heading\">Keyifli Muhabbetler \u0130\u00e7in T\u00fcrk\u00e7e Mirc<\/h2>\n\n\n\n<p>Keyifli sohbetler i\u00e7in mirc sohbet sitesi haz\u0131rlanmaktad\u0131r. IRC formatl\u0131 a\u011flar taraf\u0131ndan desteklenen mirc kanallar\u0131 tamamen g\u00fcvenli ileti\u015fim kurma ad\u0131na tasarlanmaktad\u0131r. \u00dcstelik farkl\u0131 kullan\u0131c\u0131lar ile muhabbet etmek de daha keyifli hale gelmektedir. Y\u00fcksek yap\u0131land\u0131rma sayesinde ki\u015filer siteyi kullanmaktad\u0131r.<\/p>\n\n\n\n<p>Mirc kullan\u0131m\u0131 olduk\u00e7a pratik \u015fekilde tasarlanmaktad\u0131r. Bu nedenle kullan\u0131c\u0131lar\u0131n her biri bilgisayar\u0131na indirdi\u011fi mirc ile rahatl\u0131kla konu\u015fma ba\u015flatmaktad\u0131r. Farkl\u0131 pek \u00e7ok i\u015flevi ayn\u0131 anda yerine getiren sitemiz geli\u015fmi\u015f mirc teknolojisini de t\u00fcm kullan\u0131c\u0131lar\u0131 ile payla\u015fmaktad\u0131r.<\/p>\n\n\n\n<h3 class=\"wp-block-heading\">%100 G\u00fcvenli ve \u00dccretsiz Mirc Sohbet Siteleri<\/h3>\n\n\n\n<p>%100 g\u00fcvenli bir ortamda sohbet etmek kullan\u0131c\u0131lar i\u00e7in olduk\u00e7a b\u00fcy\u00fck \u00f6nem ta\u015f\u0131maktad\u0131r. Mirc sohbet bu anlamda en geli\u015fmi\u015f yaz\u0131l\u0131m \u00e7e\u015fitlerinden biri olarak bilinmektedir. \u00dcstelik g\u00fc\u00e7l\u00fc altyap\u0131s\u0131 sayesinde kullan\u0131c\u0131lar\u0131n tamam\u0131 bilgisayar\u0131na ve cihaz\u0131na rahatl\u0131kla indirmektedir.<\/p>\n","protected":false},"excerpt":{"rendered":"<p>Muhabbet \u00dccretsiz T\u00fcrk\u00e7e Mirc \u0130ndir Mirc chat ara\u00e7lar\u0131 aktif internet&#8230;<\/p>\n","protected":false},"author":2,"featured_media":0,"parent":0,"menu_order":0,"comment_status":"closed","ping_status":"closed","template":"","meta":{"footnotes":""},"class_list":["post-21","page","type-page","status-publish","hentry"],"_links":{"self":[{"href":"https:\/\/demo.ozlubilisim.com\/demo4\/wp-json\/wp\/v2\/pages\/21","targetHints":{"allow":["GET"]}}],"collection":[{"href":"https:\/\/demo.ozlubilisim.com\/demo4\/wp-json\/wp\/v2\/pages"}],"about":[{"href":"https:\/\/demo.ozlubilisim.com\/demo4\/wp-json\/wp\/v2\/types\/page"}],"author":[{"embeddable":true,"href":"https:\/\/demo.ozlubilisim.com\/demo4\/wp-json\/wp\/v2\/users\/2"}],"replies":[{"embeddable":true,"href":"https:\/\/demo.ozlubilisim.com\/demo4\/wp-json\/wp\/v2\/comments?post=21"}],"version-history":[{"count":0,"href":"https:\/\/demo.ozlubilisim.com\/demo4\/wp-json\/wp\/v2\/pages\/21\/revisions"}],"wp:attachment":[{"href":"https:\/\/demo.ozlubilisim.com\/demo4\/wp-json\/wp\/v2\/media?parent=21"}],"curies":[{"name":"wp","href":"https:\/\/api.w.org\/{rel}","templated":true}]}}