{"id":17,"date":"2023-04-27T15:27:36","date_gmt":"2023-04-27T15:27:36","guid":{"rendered":"https:\/\/demo.ozlubilisim.com\/?page_id=17"},"modified":"2023-04-27T15:27:36","modified_gmt":"2023-04-27T15:27:36","slug":"iletisim","status":"publish","type":"page","link":"https:\/\/demo.ozlubilisim.com\/demo4\/iletisim","title":{"rendered":"iletisim"},"content":{"rendered":"\n<p>Sohbet alan\u0131nda en geli\u015fmi\u015f sitelerden biri olan web sitemiz ileti\u015fim ara\u00e7lar\u0131 \u00fczerinden de hizmet vermektedir. Siteye giri\u015f yapan kullan\u0131c\u0131lar\u0131n t\u00fcm\u00fc bu ileti\u015fim b\u00f6l\u00fcm\u00fc \u00fczerinden site ile ileti\u015fim kurmaktad\u0131r. Ayn\u0131 zamanda sistem i\u00e7erisinde ya\u015fanan t\u00fcm sorunlar an\u0131nda \u00e7\u00f6z\u00fcmlenmektedir.<\/p>\n\n\n\n<p>\u00dcstelik sitemiz g\u00fcvenli faaliyet g\u00f6sterme alan\u0131nda da en ba\u015far\u0131l\u0131 adres olarak bilinmektedir. Kullan\u0131c\u0131lar\u0131n g\u00fcn i\u00e7erisinde ziyaret etti\u011fi sohbet sitemiz aral\u0131ks\u0131z 7\/24 faaliyet sunmaktad\u0131r. \u00d6zellikle g\u00fcn i\u00e7erisinde s\u0131k\u0131lan ve herhangi biri ile sohbet etmek isteyen ki\u015filer sitemizi ziyaret etmektedir.<\/p>\n\n\n\n<p>Ayn\u0131 zamanda ya\u015fanan sorunlar ve bunlar\u0131n \u00e7\u00f6z\u00fcmleri i\u00e7in ileti\u015fim adreslerimiz sitemiz i\u00e7erisinde yer almaktad\u0131r. Problemler k\u0131sa s\u00fcre i\u00e7erisinde web adresimiz \u00fczerinden \u00e7\u00f6z\u00fcmlenmektedir. \u00dcstelik kullan\u0131c\u0131lar\u0131m\u0131z i\u00e7in g\u00fcvenli hizmet vermek \u00f6nceliklerimizden biri olarak bilinmektedir.<\/p>\n\n\n\n<p>Muhabbet.org sitemiz sorunsuz faaliyet sunan sohbet sitelerinden biri olarak \u00e7al\u0131\u015fmaktad\u0131r. Bunun yan\u0131nda soru, \u00f6neri, istek ve \u015fikayetler i\u00e7in de \u00f6zel bir alan olu\u015fturulmaktad\u0131r.<\/p>\n\n\n\n<p>T\u00fcm kullan\u0131c\u0131lar bu b\u00f6l\u00fcm \u00fczerinden isteklerini s\u0131ral\u0131 bir \u015fekilde yazarak siteye iletmektedir. B\u00f6ylelikle site g\u00fcvenli bir hizmet ak\u0131\u015f\u0131 olu\u015fturmaktad\u0131r. Sa\u011fl\u0131kl\u0131 ileti\u015fim kurmak isteyen kullan\u0131c\u0131lar\u0131m\u0131z i\u00e7in birden fazla alanda faaliyet g\u00f6steren sitemiz tamamen g\u00fcvenli \u00e7al\u0131\u015fmaktad\u0131r. G\u00fcven noktas\u0131nda herhangi bir d\u00fc\u015f\u00fcncesi olan ki\u015filer sitemiz ile ileti\u015fime ge\u00e7mektedir.<\/p>\n\n\n\n<p>Ayn\u0131 zamanda ileti\u015fim adreslerimizin her biri g\u00fcvenli ve g\u00fcncel \u015fekilde \u00e7al\u0131\u015fmaya devam etmektedir. Sohbet alan\u0131nda kendisin geli\u015ftirmi\u015f olan web sitemiz kullan\u0131c\u0131lar\u0131na tamamen profesyonel bir hizmet ak\u0131\u015f\u0131 sunmaktad\u0131r. Mail adresimiz info [at] muhabbet [dot] org olarak sitemizde yer almaktad\u0131r.<\/p>\n\n\n\n<p>Kullan\u0131c\u0131lar #Operhelp tag\u0131 \u00fczerinden de bizler ile ileti\u015fim kurmaktad\u0131r. \u00dcstelik muhabbetorg skype adresinden kullan\u0131c\u0131lar\u0131m\u0131z ile birebir ileti\u015fim sa\u011flamaktay\u0131z. Sitemiz g\u00fcvenli hizmet politikas\u0131na uygun \u015fekilde hizmet sunmaktad\u0131r.<\/p>\n\n\n\n<p>Bu nedenle geli\u015ftirilen sistem ara\u00e7lar\u0131 herkes taraf\u0131ndan kullan\u0131m sa\u011flamaktad\u0131r. Sitede yer alan chat kanallar\u0131 \u00fczerinden bizle direk ileti\u015fim kuran ziyaret\u00e7ilerimiz t\u00fcm sorular\u0131na an\u0131nda yan\u0131t bulmaktad\u0131r.<\/p>\n","protected":false},"excerpt":{"rendered":"<p>Sohbet alan\u0131nda en geli\u015fmi\u015f sitelerden biri olan web sitemiz ileti\u015fim&#8230;<\/p>\n","protected":false},"author":2,"featured_media":0,"parent":0,"menu_order":3,"comment_status":"closed","ping_status":"closed","template":"","meta":{"footnotes":""},"class_list":["post-17","page","type-page","status-publish","hentry"],"_links":{"self":[{"href":"https:\/\/demo.ozlubilisim.com\/demo4\/wp-json\/wp\/v2\/pages\/17","targetHints":{"allow":["GET"]}}],"collection":[{"href":"https:\/\/demo.ozlubilisim.com\/demo4\/wp-json\/wp\/v2\/pages"}],"about":[{"href":"https:\/\/demo.ozlubilisim.com\/demo4\/wp-json\/wp\/v2\/types\/page"}],"author":[{"embeddable":true,"href":"https:\/\/demo.ozlubilisim.com\/demo4\/wp-json\/wp\/v2\/users\/2"}],"replies":[{"embeddable":true,"href":"https:\/\/demo.ozlubilisim.com\/demo4\/wp-json\/wp\/v2\/comments?post=17"}],"version-history":[{"count":0,"href":"https:\/\/demo.ozlubilisim.com\/demo4\/wp-json\/wp\/v2\/pages\/17\/revisions"}],"wp:attachment":[{"href":"https:\/\/demo.ozlubilisim.com\/demo4\/wp-json\/wp\/v2\/media?parent=17"}],"curies":[{"name":"wp","href":"https:\/\/api.w.org\/{rel}","templated":true}]}}